{"id":920,"date":"2024-07-03T19:39:30","date_gmt":"2024-07-03T16:39:30","guid":{"rendered":"https:\/\/pimapentr.com\/?page_id=920"},"modified":"2024-07-19T23:57:52","modified_gmt":"2024-07-19T20:57:52","slug":"cevizli-pimapen-0532-540-5558","status":"publish","type":"page","link":"https:\/\/pimapentr.com\/index.php\/cevizli-pimapen-0532-540-5558\/","title":{"rendered":"Maltepe-Cevizli Pimapen &#038; 0532 540 5558"},"content":{"rendered":"<h1>Cevizli Pimapen &amp; 0532 540 5558<\/h1>\n<p>\u0130stanbul&#8217;un Maltepe il\u00e7esinde Cevizli\u00a0 Mahallesinde hizmet veren Cevizli sineklik, cam balkon, pergole, panjur ve\u00a0 pimapen pencere montaj firmas\u0131 olan;<br \/>\nDenge m\u00fchendislik olarak bizler, pilise sineklik akordeon sineklik ve mente\u015feli sineklik tecr\u00fcbe, bilgi ve birikimimizi t\u00fcm \u00e7al\u0131\u015fma ortaklar\u0131m\u0131z ve m\u00fc\u015fterilerimizin kat\u0131l\u0131mlar\u0131yla g\u00fcvenilir \u00e7al\u0131\u015fma ortam\u0131 yaratarak nice y\u0131llar devam ettirip 2024 y\u0131l\u0131 itibari ile 29. y\u0131l\u0131m\u0131z\u0131 kutlaman\u0131n sevinci i\u00e7erisindeyiz. Bu minvalde uzun soluklu i\u015f ortakl\u0131klar\u0131 ve birliktelikler yaratarak siz m\u00fc\u015fterimizin memnuniyetini en y\u00fcksek d\u00fczeyde tutmay\u0131 hedeflemekteyiz\u2026<\/p>\n<h2 style=\"text-align: center;\">Cevizli Pencere, Cam Balkon Panjur &amp; 0532 540 5558<\/h2>\n<p style=\"text-align: center;\"><strong>\u0130\u015finin Ehli, Profesyonel Ekip,<\/strong><\/p>\n<p style=\"text-align: center;\"><strong>\u00dcst\u00fcn Kalite,<\/strong><\/p>\n<p style=\"text-align: center;\"><strong>\u0130tinal\u0131 \u00c7al\u0131\u015fma,<\/strong><\/p>\n<p style=\"text-align: center;\"><strong>G\u00fcvenlik,<\/strong><\/p>\n<p style=\"text-align: center;\"><em>\u0130nsan \u00f6ncelikli tak\u0131m ruhu ilkemizle nice y\u0131llar \u00e7al\u0131\u015fmay\u0131 ama\u00e7lamaktay\u0131z&#8230;<\/em><br \/>\n<em>Cevizli Denge M\u00fchendislik olarak pimapen ama\u00e7l\u0131 taleplerinize bir telefon kadar yak\u0131n\u0131z&#8230;<\/em><\/p>\n<p>&nbsp;<\/p>\n<p>&nbsp;<\/p>\n","protected":false},"excerpt":{"rendered":"<p>Cevizli Pimapen &amp; 0532 540 5558 \u0130stanbul&#8217;un Maltepe il\u00e7esinde Cevizli\u00a0 Mahallesinde hizmet veren Cevizli sineklik, cam balkon, pergole, panjur ve\u00a0 pimapen pencere montaj firmas\u0131 olan; Denge m\u00fchendislik olarak bizler, pilise sineklik akordeon sineklik ve mente\u015feli sineklik tecr\u00fcbe, bilgi ve birikimimizi t\u00fcm \u00e7al\u0131\u015fma ortaklar\u0131m\u0131z ve m\u00fc\u015fterilerimizin kat\u0131l\u0131mlar\u0131yla g\u00fcvenilir \u00e7al\u0131\u015fma ortam\u0131 yaratarak nice y\u0131llar devam ettirip 2024 &#8230;<\/p>\n","protected":false},"author":2,"featured_media":921,"parent":0,"menu_order":0,"comment_status":"closed","ping_status":"closed","template":"","meta":{"footnotes":""},"class_list":["post-920","page","type-page","status-publish","has-post-thumbnail","hentry"],"_links":{"self":[{"href":"https:\/\/pimapentr.com\/index.php\/wp-json\/wp\/v2\/pages\/920","targetHints":{"allow":["GET"]}}],"collection":[{"href":"https:\/\/pimapentr.com\/index.php\/wp-json\/wp\/v2\/pages"}],"about":[{"href":"https:\/\/pimapentr.com\/index.php\/wp-json\/wp\/v2\/types\/page"}],"author":[{"embeddable":true,"href":"https:\/\/pimapentr.com\/index.php\/wp-json\/wp\/v2\/users\/2"}],"replies":[{"embeddable":true,"href":"https:\/\/pimapentr.com\/index.php\/wp-json\/wp\/v2\/comments?post=920"}],"version-history":[{"count":2,"href":"https:\/\/pimapentr.com\/index.php\/wp-json\/wp\/v2\/pages\/920\/revisions"}],"predecessor-version":[{"id":1298,"href":"https:\/\/pimapentr.com\/index.php\/wp-json\/wp\/v2\/pages\/920\/revisions\/1298"}],"wp:featuredmedia":[{"embeddable":true,"href":"https:\/\/pimapentr.com\/index.php\/wp-json\/wp\/v2\/media\/921"}],"wp:attachment":[{"href":"https:\/\/pimapentr.com\/index.php\/wp-json\/wp\/v2\/media?parent=920"}],"curies":[{"name":"wp","href":"https:\/\/api.w.org\/{rel}","templated":true}]}}