{"id":584,"date":"2023-09-16T15:31:44","date_gmt":"2023-09-16T12:31:44","guid":{"rendered":"https:\/\/pimapentr.com\/?page_id=584"},"modified":"2023-09-16T15:31:44","modified_gmt":"2023-09-16T12:31:44","slug":"kadikoy-pimapen","status":"publish","type":"page","link":"https:\/\/pimapentr.com\/index.php\/kadikoy-pimapen\/","title":{"rendered":"Kad\u0131k\u00f6y Pimapen"},"content":{"rendered":"<h1>Kad\u0131k\u00f6y Pimapen &amp; 0532 540 5558<\/h1>\n<p>1994\u2019ten bu yana \u0130stanbul\u2019un \u00e7o\u011fu semtinde ve Kad\u0131k\u00f6y&#8217;de Kad\u0131k\u00f6y Pimapen Kad\u0131k\u00f6y Sineklik Kad\u0131k\u00f6y Cam Balkon Kad\u0131k\u00f6y Teras kapama Kad\u0131k\u00f6y Pencere Tamiri olarak hizmet vermekteyiz. yap\u0131 ve in\u015faat sekt\u00f6r\u00fc i\u00e7in PVC profillerin ve \u00fcr\u00fcnlerin geli\u015ftirilmesi \u00fcretimi ve tamirinde uzman\u0131z. Bunu yaparken de gelece\u011fe y\u00f6nelik bir \u015fekilde hareket ediyor ve s\u00fcrd\u00fcr\u00fclebilir d\u00f6ng\u00fcsel ekonomiyi izliyoruz. Ayr\u0131ca in\u015faat sekt\u00f6r\u00fc i\u00e7in yenilik\u00e7i d\u00fc\u015f\u00fcn\u00fcyor , \u00e7\u00f6z\u00fcmleri geli\u015ftiriyoruz.<\/p>\n<p style=\"background: white; margin: 0cm 0cm 12pt; text-align: left;\" align=\"center\">Kad\u0131\u00f6y En Uygun Pimapen ve En Ucuz Winsa fiyat\u0131n\u0131 y\u0131llar\u0131n birikimine sahip Denge M\u00fchendisli\u011fe teslim ederek bu aileye kat\u0131labilirsiniz.<br \/>\nKad\u0131k\u00f6yde uygun Pimapen ve Winsa fiyat\u0131 i\u00e7in size bir telefon kadar yak\u0131n\u0131z. Kad\u0131k\u00f6y Pimapen , Kad\u0131k\u00f6y Sineklik , Kad\u0131k\u00f6y Cam Balkon fiyatlar\u0131 i\u00e7in ; 0532 540 5558<\/p>\n<h2 style=\"text-align: left;\" align=\"center\">Kad\u0131k\u00f6y Pencere &amp; 0532 540 5558<\/h2>\n<h2 align=\"center\"><\/h2>\n","protected":false},"excerpt":{"rendered":"<p>Kad\u0131k\u00f6y Pimapen &amp; 0532 540 5558 1994\u2019ten bu yana \u0130stanbul\u2019un \u00e7o\u011fu semtinde ve Kad\u0131k\u00f6y&#8217;de Kad\u0131k\u00f6y Pimapen Kad\u0131k\u00f6y Sineklik Kad\u0131k\u00f6y Cam Balkon Kad\u0131k\u00f6y Teras kapama Kad\u0131k\u00f6y Pencere Tamiri olarak hizmet vermekteyiz. yap\u0131 ve in\u015faat sekt\u00f6r\u00fc i\u00e7in PVC profillerin ve \u00fcr\u00fcnlerin geli\u015ftirilmesi \u00fcretimi ve tamirinde uzman\u0131z. Bunu yaparken de gelece\u011fe y\u00f6nelik bir \u015fekilde hareket ediyor ve s\u00fcrd\u00fcr\u00fclebilir &#8230;<\/p>\n","protected":false},"author":2,"featured_media":586,"parent":0,"menu_order":0,"comment_status":"closed","ping_status":"closed","template":"","meta":{"footnotes":""},"class_list":["post-584","page","type-page","status-publish","has-post-thumbnail","hentry"],"_links":{"self":[{"href":"https:\/\/pimapentr.com\/index.php\/wp-json\/wp\/v2\/pages\/584","targetHints":{"allow":["GET"]}}],"collection":[{"href":"https:\/\/pimapentr.com\/index.php\/wp-json\/wp\/v2\/pages"}],"about":[{"href":"https:\/\/pimapentr.com\/index.php\/wp-json\/wp\/v2\/types\/page"}],"author":[{"embeddable":true,"href":"https:\/\/pimapentr.com\/index.php\/wp-json\/wp\/v2\/users\/2"}],"replies":[{"embeddable":true,"href":"https:\/\/pimapentr.com\/index.php\/wp-json\/wp\/v2\/comments?post=584"}],"version-history":[{"count":1,"href":"https:\/\/pimapentr.com\/index.php\/wp-json\/wp\/v2\/pages\/584\/revisions"}],"predecessor-version":[{"id":587,"href":"https:\/\/pimapentr.com\/index.php\/wp-json\/wp\/v2\/pages\/584\/revisions\/587"}],"wp:featuredmedia":[{"embeddable":true,"href":"https:\/\/pimapentr.com\/index.php\/wp-json\/wp\/v2\/media\/586"}],"wp:attachment":[{"href":"https:\/\/pimapentr.com\/index.php\/wp-json\/wp\/v2\/media?parent=584"}],"curies":[{"name":"wp","href":"https:\/\/api.w.org\/{rel}","templated":true}]}}