{"id":486,"date":"2023-03-11T19:05:38","date_gmt":"2023-03-11T16:05:38","guid":{"rendered":"https:\/\/pimapentr.com\/?page_id=486"},"modified":"2023-03-11T19:05:38","modified_gmt":"2023-03-11T16:05:38","slug":"sile-pimapen-0532-540-55-58","status":"publish","type":"page","link":"https:\/\/pimapentr.com\/index.php\/sile-pimapen-0532-540-55-58\/","title":{"rendered":"\u015eile Pimapen &#038; 0532 540 55 58"},"content":{"rendered":"<h1>\u015eile Pimapen<\/h1>\n<p>Denge m\u00fchendislik 1994 y\u0131l\u0131ndan gelen bilgi birikim ve tecr\u00fcbesi ile \u0130stanbul ve \u015eile\u2019de ikamet eden binlerce aileyi P\u0130MAPEN ve W\u0130NSA kalitesine ula\u015ft\u0131ran sekt\u00f6r\u00fcn \u00f6nc\u00fc firmalar\u0131ndand\u0131r.<br \/>\nBu minvalde mevcut tecr\u00fcbe ve birikimimizi \u015eile\u2019de ikamet eden sakinlerine pimapen ve winsa kalitesini en uygun bir fiyatta ula\u015ft\u0131r\u0131yoruz.<br \/>\nE\u011fer sizlerde \u015eile ve k\u00f6ylerinde pimapen ihtiyac\u0131n\u0131z has\u0131l olmu\u015f ve En Uygun Pimapen ve En Ucuz Winsa fiyat\u0131n\u0131 y\u0131llar\u0131n birikimine sahip Denge M\u00fchendisli\u011fe teslim ederek bu aileye kat\u0131labilirsiniz.<br \/>\n\u015eile\u2019de uygun Pimapen ve Winsa fiyat\u0131 i\u00e7in size bir telefon kadar yak\u0131n\u0131z. \u015eile Pimapen , \u015eile Sineklik , \u015eile Cam Balkon fiyatlar\u0131 i\u00e7in ;<\/p>\n<h2>\u015eile Pimapen Ve \u015eile Sineklik i\u00e7in &amp; 0532 540 55 58<\/h2>\n<p style=\"text-align: center;\"><em><strong>Pimapen \u00fccretsiz bilgi ve fiyat hatt\u0131m\u0131z; 0532\u00a0 54055 58<\/strong><\/em><\/p>\n<p style=\"text-align: center;\">numaral\u0131 cep telefonundan veya Whatsapp\u2019tan ula\u015farak \u015eile ve k\u00f6ylerindeki t\u00fcm Pimapen ve Sineklik i\u015flerinizi g\u00fcvenle yapt\u0131rabilirsiniz.<br \/>\nTeknik destek tecr\u00fcbe ve birikimin ad\u0131 Denge M\u00fchendislik<br \/>\n<em><strong>\u0130leti\u015fim<\/strong><\/em><br \/>\n<em><strong>0532 540 55 58<\/strong><\/em><br \/>\n<em><strong>0216 417 50 90<\/strong><\/em><\/p>\n","protected":false},"excerpt":{"rendered":"<p>\u015eile Pimapen Denge m\u00fchendislik 1994 y\u0131l\u0131ndan gelen bilgi birikim ve tecr\u00fcbesi ile \u0130stanbul ve \u015eile\u2019de ikamet eden binlerce aileyi P\u0130MAPEN ve W\u0130NSA kalitesine ula\u015ft\u0131ran sekt\u00f6r\u00fcn \u00f6nc\u00fc firmalar\u0131ndand\u0131r. Bu minvalde mevcut tecr\u00fcbe ve birikimimizi \u015eile\u2019de ikamet eden sakinlerine pimapen ve winsa kalitesini en uygun bir fiyatta ula\u015ft\u0131r\u0131yoruz. E\u011fer sizlerde \u015eile ve k\u00f6ylerinde pimapen ihtiyac\u0131n\u0131z has\u0131l olmu\u015f &#8230;<\/p>\n","protected":false},"author":2,"featured_media":0,"parent":0,"menu_order":0,"comment_status":"closed","ping_status":"closed","template":"","meta":{"footnotes":""},"class_list":["post-486","page","type-page","status-publish","hentry"],"_links":{"self":[{"href":"https:\/\/pimapentr.com\/index.php\/wp-json\/wp\/v2\/pages\/486","targetHints":{"allow":["GET"]}}],"collection":[{"href":"https:\/\/pimapentr.com\/index.php\/wp-json\/wp\/v2\/pages"}],"about":[{"href":"https:\/\/pimapentr.com\/index.php\/wp-json\/wp\/v2\/types\/page"}],"author":[{"embeddable":true,"href":"https:\/\/pimapentr.com\/index.php\/wp-json\/wp\/v2\/users\/2"}],"replies":[{"embeddable":true,"href":"https:\/\/pimapentr.com\/index.php\/wp-json\/wp\/v2\/comments?post=486"}],"version-history":[{"count":1,"href":"https:\/\/pimapentr.com\/index.php\/wp-json\/wp\/v2\/pages\/486\/revisions"}],"predecessor-version":[{"id":488,"href":"https:\/\/pimapentr.com\/index.php\/wp-json\/wp\/v2\/pages\/486\/revisions\/488"}],"wp:attachment":[{"href":"https:\/\/pimapentr.com\/index.php\/wp-json\/wp\/v2\/media?parent=486"}],"curies":[{"name":"wp","href":"https:\/\/api.w.org\/{rel}","templated":true}]}}