{"id":421,"date":"2023-03-01T17:04:24","date_gmt":"2023-03-01T14:04:24","guid":{"rendered":"https:\/\/pimapentr.com\/?page_id=421"},"modified":"2023-03-01T17:04:24","modified_gmt":"2023-03-01T14:04:24","slug":"kiptas-seyrantepe-pimapen-tamiri-0532-540-55-58","status":"publish","type":"page","link":"https:\/\/pimapentr.com\/index.php\/kiptas-seyrantepe-pimapen-tamiri-0532-540-55-58\/","title":{"rendered":"Kipta\u015f Seyrantepe Pimapen Tamiri &#038; 0532 540 55 58"},"content":{"rendered":"<h1>Kipta\u015f Seyrantepe Sineklik \/ Pimapen Tamiri\u00a0 0532 540 55 58<\/h1>\n<p>K\u00fc\u00e7\u00fckyal\u0131 Denge M\u00fchendislik olarak 1994 y\u0131l\u0131ndan g\u00fcn\u00fcm\u00fcze kadar gelen bilgi ve deneyimimizi Maltepe Kipta\u015f Seyrantepe\u2019de oturan siz sakinlerine, Kipta\u015f Seyrantepe pimapen tamiri, Kipta\u015f Seyrantepe sineklik, Kipta\u015f Seyrantepe cam balkon, Kipta\u015f Seyrantepe panjur tamir i\u015flerinizde sizlere hizmet vermekteyiz.<br \/>\nTecr\u00fcbe ve\u00a0 birikimimizi Maltepe il\u00e7esinde \u00a0ikamet eden Kipta\u015f Seyrantepe Sitesi sakinlerine pimapen tamir hizmetini eksiksiz bir \u015fekilde ula\u015ft\u0131r\u0131yoruz.<\/p>\n<p>Kipta\u015f Seyrantepe Pimapen tamiri, Kipta\u015f Seyrantepe sineklik ve cam balkon i\u015flerinizde Denge M\u00fchendislik olarak ihtiyac\u0131n\u0131z olan hizmet ve tecr\u00fcbe yan\u0131ba\u015f\u0131n\u0131zda .Bizler Denge M\u00fchendislik ailesi olarak evinizin Pimapen kap\u0131,pencere tamir ve sineklik i\u015flerinizi eksiksiz bir \u015fekilde yapmaktay\u0131z.<\/p>\n<p>Kipta\u015f Seyrantepe Sitesi Pimapen Tamir ve teknik destek i\u00e7in ;<\/p>\n<p>05325405558<\/p>\n<p>nolu numaradan veya WhatsApp \u00fczerinden \u00f6l\u00e7\u00fc veya ar\u0131zal\u0131 kap\u0131 pencere videosu payla\u015farak fiyat ve bilgi alabilirsiniz.<\/p>\n<p>Teknik destek i\u00e7in:<\/p>\n<p>05325405550<\/p>\n<p>02164175090<\/p>\n<p>Denge M\u00fchendislik<\/p>\n","protected":false},"excerpt":{"rendered":"<p>Kipta\u015f Seyrantepe Sineklik \/ Pimapen Tamiri\u00a0 0532 540 55 58 K\u00fc\u00e7\u00fckyal\u0131 Denge M\u00fchendislik olarak 1994 y\u0131l\u0131ndan g\u00fcn\u00fcm\u00fcze kadar gelen bilgi ve deneyimimizi Maltepe Kipta\u015f Seyrantepe\u2019de oturan siz sakinlerine, Kipta\u015f Seyrantepe pimapen tamiri, Kipta\u015f Seyrantepe sineklik, Kipta\u015f Seyrantepe cam balkon, Kipta\u015f Seyrantepe panjur tamir i\u015flerinizde sizlere hizmet vermekteyiz. Tecr\u00fcbe ve\u00a0 birikimimizi Maltepe il\u00e7esinde \u00a0ikamet eden Kipta\u015f &#8230;<\/p>\n","protected":false},"author":2,"featured_media":0,"parent":0,"menu_order":0,"comment_status":"closed","ping_status":"closed","template":"","meta":{"footnotes":""},"class_list":["post-421","page","type-page","status-publish","hentry"],"_links":{"self":[{"href":"https:\/\/pimapentr.com\/index.php\/wp-json\/wp\/v2\/pages\/421","targetHints":{"allow":["GET"]}}],"collection":[{"href":"https:\/\/pimapentr.com\/index.php\/wp-json\/wp\/v2\/pages"}],"about":[{"href":"https:\/\/pimapentr.com\/index.php\/wp-json\/wp\/v2\/types\/page"}],"author":[{"embeddable":true,"href":"https:\/\/pimapentr.com\/index.php\/wp-json\/wp\/v2\/users\/2"}],"replies":[{"embeddable":true,"href":"https:\/\/pimapentr.com\/index.php\/wp-json\/wp\/v2\/comments?post=421"}],"version-history":[{"count":1,"href":"https:\/\/pimapentr.com\/index.php\/wp-json\/wp\/v2\/pages\/421\/revisions"}],"predecessor-version":[{"id":423,"href":"https:\/\/pimapentr.com\/index.php\/wp-json\/wp\/v2\/pages\/421\/revisions\/423"}],"wp:attachment":[{"href":"https:\/\/pimapentr.com\/index.php\/wp-json\/wp\/v2\/media?parent=421"}],"curies":[{"name":"wp","href":"https:\/\/api.w.org\/{rel}","templated":true}]}}