{"id":399,"date":"2023-03-01T16:13:47","date_gmt":"2023-03-01T13:13:47","guid":{"rendered":"https:\/\/pimapentr.com\/?page_id=399"},"modified":"2023-03-01T16:13:47","modified_gmt":"2023-03-01T13:13:47","slug":"zumrutevler-pimapen-0532-540-55-58","status":"publish","type":"page","link":"https:\/\/pimapentr.com\/index.php\/zumrutevler-pimapen-0532-540-55-58\/","title":{"rendered":"Z\u00fcmr\u00fctevler Pimapen &#038; 0532 540 55 58"},"content":{"rendered":"<h1>Z\u00fcmr\u00fctevler Pimapen &amp; 0532 540 55 58<\/h1>\n<p>Denge M\u00fchendislik olarak pimapen sekt\u00f6r\u00fcnde 29 y\u0131la ula\u015fan bilgi ve tecr\u00fcbemizi Maltepe Z\u00fcmr\u00fctevler Mahallesinde oturmakta olan sakinlerine ,Z\u00fcmr\u00fctevler Pimapen, Z\u00fcmr\u00fctevler panjur, Z\u00fcmr\u00fctevler pimapen tamiri, Z\u00fcmr\u00fctevler sineklik, Z\u00fcmr\u00fctevler cam balkon ve Z\u00fcmr\u00fctevler Winsa i\u015flerinde hizmet vermekteyiz.<\/p>\n<p>Mevcut tecr\u00fcbe ve\u00a0 birikimimizi Maltepe il\u00e7esinde \u00a0ikamet eden Z\u00fcmr\u00fctevler sakinlerine Z\u00fcmr\u00fctevler Pimapen ve Winsa kalitesini eksiksiz bir \u015fekilde ula\u015ft\u0131r\u0131yoruz.<\/p>\n<p>Z\u00fcmr\u00fctevler Pimapen , Pimapen tamiri, sineklik ve cam balkon i\u015flerinizde Denge M\u00fchendislik olarak ihtiyac\u0131n\u0131z olan hizmeti, y\u0131llar\u0131n birikim ve tecr\u00fcbe sahibi olan bizlere teslim ederek sizler de bize kat\u0131labilirsiniz. Size bir telefon kadar yak\u0131n\u0131z.<\/p>\n<p>Z\u00fcmr\u00fctevler Pimapen bilgi ve fiyat hatt\u0131m\u0131z ;\u00a0 \u00a005325405558<br \/>\nNumaradan direkt veya WhatsApp \u00fczerinden \u00f6l\u00e7\u00fc ve foto\u011fraf payla\u015farak fiyat ve bilgi alabilirsiniz.<\/p>\n<p>\u00d6l\u00e7\u00fc ve teknik destek i\u00e7in:<\/p>\n<p>Denge M\u00fchendislik<\/p>\n<p>05325405550\u00a0 &amp; 02164175090<\/p>\n","protected":false},"excerpt":{"rendered":"<p>Z\u00fcmr\u00fctevler Pimapen &amp; 0532 540 55 58 Denge M\u00fchendislik olarak pimapen sekt\u00f6r\u00fcnde 29 y\u0131la ula\u015fan bilgi ve tecr\u00fcbemizi Maltepe Z\u00fcmr\u00fctevler Mahallesinde oturmakta olan sakinlerine ,Z\u00fcmr\u00fctevler Pimapen, Z\u00fcmr\u00fctevler panjur, Z\u00fcmr\u00fctevler pimapen tamiri, Z\u00fcmr\u00fctevler sineklik, Z\u00fcmr\u00fctevler cam balkon ve Z\u00fcmr\u00fctevler Winsa i\u015flerinde hizmet vermekteyiz. Mevcut tecr\u00fcbe ve\u00a0 birikimimizi Maltepe il\u00e7esinde \u00a0ikamet eden Z\u00fcmr\u00fctevler sakinlerine Z\u00fcmr\u00fctevler Pimapen ve &#8230;<\/p>\n","protected":false},"author":2,"featured_media":0,"parent":0,"menu_order":0,"comment_status":"closed","ping_status":"closed","template":"","meta":{"footnotes":""},"class_list":["post-399","page","type-page","status-publish","hentry"],"_links":{"self":[{"href":"https:\/\/pimapentr.com\/index.php\/wp-json\/wp\/v2\/pages\/399","targetHints":{"allow":["GET"]}}],"collection":[{"href":"https:\/\/pimapentr.com\/index.php\/wp-json\/wp\/v2\/pages"}],"about":[{"href":"https:\/\/pimapentr.com\/index.php\/wp-json\/wp\/v2\/types\/page"}],"author":[{"embeddable":true,"href":"https:\/\/pimapentr.com\/index.php\/wp-json\/wp\/v2\/users\/2"}],"replies":[{"embeddable":true,"href":"https:\/\/pimapentr.com\/index.php\/wp-json\/wp\/v2\/comments?post=399"}],"version-history":[{"count":1,"href":"https:\/\/pimapentr.com\/index.php\/wp-json\/wp\/v2\/pages\/399\/revisions"}],"predecessor-version":[{"id":400,"href":"https:\/\/pimapentr.com\/index.php\/wp-json\/wp\/v2\/pages\/399\/revisions\/400"}],"wp:attachment":[{"href":"https:\/\/pimapentr.com\/index.php\/wp-json\/wp\/v2\/media?parent=399"}],"curies":[{"name":"wp","href":"https:\/\/api.w.org\/{rel}","templated":true}]}}