{"id":317,"date":"2022-11-20T16:03:49","date_gmt":"2022-11-20T13:03:49","guid":{"rendered":"https:\/\/pimapentr.com\/?page_id=317"},"modified":"2022-11-20T16:03:49","modified_gmt":"2022-11-20T13:03:49","slug":"pendik-pimapen","status":"publish","type":"page","link":"https:\/\/pimapentr.com\/index.php\/pendik-pimapen\/","title":{"rendered":"Pendik Pimapen"},"content":{"rendered":"<h1>Pendik Pimapen<\/h1>\n<p><span id=\"u754\">Pendik Pimapen <\/span>\u00a0pencere ve kap\u0131 sistemleri sekt\u00f6r\u00fcnde \u0130stanbul&#8217;un en iyi kurulu\u015flar\u0131ndand\u0131r. \u201c\u0130\u015f M\u00fckemmelli\u011fi\u201d modelini,\u00a0 \u00fcretim a\u015famas\u0131ndan nihai t\u00fcketiciye ula\u015ft\u0131rma a\u015famas\u0131na kadar her s\u00fcre\u00e7te b\u00fcy\u00fck bir titizlik ve profesyonellik ile uygulamaya kararl\u0131 olan \u015firketimiz, yarat\u0131c\u0131l\u0131k ve yenili\u011fi besleyerek s\u00fcre\u00e7lerini s\u00fcrekli iyile\u015ftirmekte ve s\u00fcrd\u00fcr\u00fclebilir bir gelecek i\u00e7in sorumluluk almaktad\u0131r.<\/p>\n<p>Pendik Pimapen ve Pimapen Tamiri i\u00e7in ileti\u015fim: 0532 540 5558<\/p>\n","protected":false},"excerpt":{"rendered":"<p>Pendik Pimapen Pendik Pimapen \u00a0pencere ve kap\u0131 sistemleri sekt\u00f6r\u00fcnde \u0130stanbul&#8217;un en iyi kurulu\u015flar\u0131ndand\u0131r. \u201c\u0130\u015f M\u00fckemmelli\u011fi\u201d modelini,\u00a0 \u00fcretim a\u015famas\u0131ndan nihai t\u00fcketiciye ula\u015ft\u0131rma a\u015famas\u0131na kadar her s\u00fcre\u00e7te b\u00fcy\u00fck bir titizlik ve profesyonellik ile uygulamaya kararl\u0131 olan \u015firketimiz, yarat\u0131c\u0131l\u0131k ve yenili\u011fi besleyerek s\u00fcre\u00e7lerini s\u00fcrekli iyile\u015ftirmekte ve s\u00fcrd\u00fcr\u00fclebilir bir gelecek i\u00e7in sorumluluk almaktad\u0131r. Pendik Pimapen ve Pimapen Tamiri i\u00e7in &#8230;<\/p>\n","protected":false},"author":2,"featured_media":0,"parent":0,"menu_order":0,"comment_status":"closed","ping_status":"closed","template":"","meta":{"footnotes":""},"class_list":["post-317","page","type-page","status-publish","hentry"],"_links":{"self":[{"href":"https:\/\/pimapentr.com\/index.php\/wp-json\/wp\/v2\/pages\/317","targetHints":{"allow":["GET"]}}],"collection":[{"href":"https:\/\/pimapentr.com\/index.php\/wp-json\/wp\/v2\/pages"}],"about":[{"href":"https:\/\/pimapentr.com\/index.php\/wp-json\/wp\/v2\/types\/page"}],"author":[{"embeddable":true,"href":"https:\/\/pimapentr.com\/index.php\/wp-json\/wp\/v2\/users\/2"}],"replies":[{"embeddable":true,"href":"https:\/\/pimapentr.com\/index.php\/wp-json\/wp\/v2\/comments?post=317"}],"version-history":[{"count":1,"href":"https:\/\/pimapentr.com\/index.php\/wp-json\/wp\/v2\/pages\/317\/revisions"}],"predecessor-version":[{"id":319,"href":"https:\/\/pimapentr.com\/index.php\/wp-json\/wp\/v2\/pages\/317\/revisions\/319"}],"wp:attachment":[{"href":"https:\/\/pimapentr.com\/index.php\/wp-json\/wp\/v2\/media?parent=317"}],"curies":[{"name":"wp","href":"https:\/\/api.w.org\/{rel}","templated":true}]}}