{"id":275,"date":"2022-09-21T16:33:48","date_gmt":"2022-09-21T13:33:48","guid":{"rendered":"https:\/\/pimapentr.com\/?page_id=275"},"modified":"2022-09-21T16:33:48","modified_gmt":"2022-09-21T13:33:48","slug":"gulsuyu-pimapen","status":"publish","type":"page","link":"https:\/\/pimapentr.com\/index.php\/gulsuyu-pimapen\/","title":{"rendered":"G\u00fclsuyu Pimapen"},"content":{"rendered":"<h1>G\u00fclsuyu Pimapen<\/h1>\n<p>1994\u2019ten bu yana \u0130stanbul\u2019un \u00e7o\u011fu semtinde ve G\u00fclsuyu\u2019nda G\u00fclsuyu Pimapen olarak hizmet vermekteyiz. yap\u0131 ve in\u015faat sekt\u00f6r\u00fc i\u00e7in PVC profillerin ve \u00fcr\u00fcnlerin geli\u015ftirilmesi \u00fcretimi ve tamirinde uzman\u0131z. Bunu yaparken de gelece\u011fe y\u00f6nelik bir \u015fekilde hareket ediyor ve s\u00fcrd\u00fcr\u00fclebilir d\u00f6ng\u00fcsel ekonomiyi izliyoruz. Ayr\u0131ca in\u015faat sekt\u00f6r\u00fc i\u00e7in yenilik\u00e7i d\u00fc\u015f\u00fcn\u00fcyor , \u00e7\u00f6z\u00fcmleri geli\u015ftiriyoruz.<\/p>\n<p>G\u00fclsuyu Pimapen ve Pimapen Tamiri i\u00e7in ileti\u015fim : 0532 540 5558<\/p>\n","protected":false},"excerpt":{"rendered":"<p>G\u00fclsuyu Pimapen 1994\u2019ten bu yana \u0130stanbul\u2019un \u00e7o\u011fu semtinde ve G\u00fclsuyu\u2019nda G\u00fclsuyu Pimapen olarak hizmet vermekteyiz. yap\u0131 ve in\u015faat sekt\u00f6r\u00fc i\u00e7in PVC profillerin ve \u00fcr\u00fcnlerin geli\u015ftirilmesi \u00fcretimi ve tamirinde uzman\u0131z. Bunu yaparken de gelece\u011fe y\u00f6nelik bir \u015fekilde hareket ediyor ve s\u00fcrd\u00fcr\u00fclebilir d\u00f6ng\u00fcsel ekonomiyi izliyoruz. Ayr\u0131ca in\u015faat sekt\u00f6r\u00fc i\u00e7in yenilik\u00e7i d\u00fc\u015f\u00fcn\u00fcyor , \u00e7\u00f6z\u00fcmleri geli\u015ftiriyoruz. G\u00fclsuyu Pimapen ve &#8230;<\/p>\n","protected":false},"author":2,"featured_media":0,"parent":0,"menu_order":0,"comment_status":"closed","ping_status":"closed","template":"","meta":{"footnotes":""},"class_list":["post-275","page","type-page","status-publish","hentry"],"_links":{"self":[{"href":"https:\/\/pimapentr.com\/index.php\/wp-json\/wp\/v2\/pages\/275","targetHints":{"allow":["GET"]}}],"collection":[{"href":"https:\/\/pimapentr.com\/index.php\/wp-json\/wp\/v2\/pages"}],"about":[{"href":"https:\/\/pimapentr.com\/index.php\/wp-json\/wp\/v2\/types\/page"}],"author":[{"embeddable":true,"href":"https:\/\/pimapentr.com\/index.php\/wp-json\/wp\/v2\/users\/2"}],"replies":[{"embeddable":true,"href":"https:\/\/pimapentr.com\/index.php\/wp-json\/wp\/v2\/comments?post=275"}],"version-history":[{"count":1,"href":"https:\/\/pimapentr.com\/index.php\/wp-json\/wp\/v2\/pages\/275\/revisions"}],"predecessor-version":[{"id":277,"href":"https:\/\/pimapentr.com\/index.php\/wp-json\/wp\/v2\/pages\/275\/revisions\/277"}],"wp:attachment":[{"href":"https:\/\/pimapentr.com\/index.php\/wp-json\/wp\/v2\/media?parent=275"}],"curies":[{"name":"wp","href":"https:\/\/api.w.org\/{rel}","templated":true}]}}