{"id":2525,"date":"2025-02-22T00:45:04","date_gmt":"2025-02-21T21:45:04","guid":{"rendered":"https:\/\/pimapentr.com\/?page_id=2525"},"modified":"2025-02-22T00:45:04","modified_gmt":"2025-02-21T21:45:04","slug":"adatepe-pimapen-0532-540-5558-3","status":"publish","type":"page","link":"https:\/\/pimapentr.com\/index.php\/adatepe-pimapen-0532-540-5558-3\/","title":{"rendered":"Adatepe Pimapen &#038; 0532 540 5558"},"content":{"rendered":"<h1>Adatepe Pimapenci<\/h1>\n<p><strong>Adatepe Denge m\u00fchendislik<\/strong> Pimapen \u00fcr\u00fcnleri, ya\u015fam alan\u0131m\u0131z olan evlerimizin en \u00f6nemli unsurlar\u0131ndan biri haline gelmi\u015ftir. Hem estetik ve de enerji tasarrufu sa\u011flayan kap\u0131 ve pencerelerimizi, geli\u015fmi\u015f teknolojilerle \u00fcretmi\u015f olup sizlere y\u0131llarca rahatl\u0131k ve dinginlik sunmaktad\u0131r.<\/p>\n<h2>Adatepe Denge M\u00fchendislik<\/h2>\n<p>\u0130stanbul Adatepe&#8217;de hizmet veren <em>Adatepe Pimapen Denge M\u00fchendislik<\/em>, 1995&#8217;den beri 2025 y\u0131l\u0131 itibariyle 30 y\u0131ll\u0131k deneyimi ve 10.000 \u00fczeri proje ve tamir uygulamalar\u0131 ile kap\u0131, pencere, sineklik, pergole, cam balkon, teras kaplama ve panjur tamiri ve montaj\u0131 gibi \u00e7e\u015fitli hizmetler sunmaktad\u0131r.<\/p>\n<p>Sizler i\u00e7in amac\u0131m\u0131z di\u011fer firmalar\u0131n aksine sundu\u011fumuz hizmetin tam kar\u015f\u0131l\u0131\u011f\u0131n\u0131 alman\u0131z\u0131 hedefliyoruz.<br \/>\nBu nedenle getirdi\u011fimiz hizmeti sizlere sunarken profesyonel \u00e7al\u0131\u015fma ekiplerimizle birlikte dikkatli, titiz birliktelikle tamaml\u0131yoruz.<\/p>\n<p style=\"text-align: center;\"><strong><em>Adatepe Pimapen fark\u0131n\u0131 deneyimlemek i\u00e7in do\u011fru adrestesiniz\u2026<\/em><\/strong><\/p>\n<p style=\"text-align: center;\"><em>\u00dcr\u00fcnlerimiz ve hizmetlerimiz hakk\u0131nda daha fazla bilgi almak i\u00e7in bizimle ileti\u015fime ge\u00e7in. Denge M\u00fchendisilik Pimapen ile evinizin konfor ve esteti\u011fini y\u00fckseltin.Uzun y\u0131llar s\u00fcrecek enerji tasarrufunun, Sa\u011fl\u0131k ve rahatl\u0131\u011f\u0131n tad\u0131n\u0131 \u00e7\u0131kart\u0131n\u2026<\/em><\/p>\n<h3>\u0130leti\u015fim Bilgileri<\/h3>\n<p><strong>Telefon:<\/strong> 0532 540 5558<\/p>\n<p><strong>WhatsApp:<\/strong> Ayn\u0131 numaradan mesaj g\u00f6nderebilirsiniz.<\/p>\n<h3>M\u00fc\u015fteri Yorumlar\u0131m\u0131z<\/h3>\n<p>https:\/\/maps.app.goo.gl\/8Er62AsGiirFK2ez6?g_st=iwb<\/p>\n","protected":false},"excerpt":{"rendered":"<p>Adatepe Pimapenci Adatepe Denge m\u00fchendislik Pimapen \u00fcr\u00fcnleri, ya\u015fam alan\u0131m\u0131z olan evlerimizin en \u00f6nemli unsurlar\u0131ndan biri haline gelmi\u015ftir. Hem estetik ve de enerji tasarrufu sa\u011flayan kap\u0131 ve pencerelerimizi, geli\u015fmi\u015f teknolojilerle \u00fcretmi\u015f olup sizlere y\u0131llarca rahatl\u0131k ve dinginlik sunmaktad\u0131r. Adatepe Denge M\u00fchendislik \u0130stanbul Adatepe&#8217;de hizmet veren Adatepe Pimapen Denge M\u00fchendislik, 1995&#8217;den beri 2025 y\u0131l\u0131 itibariyle 30 y\u0131ll\u0131k &#8230;<\/p>\n","protected":false},"author":2,"featured_media":2071,"parent":0,"menu_order":0,"comment_status":"closed","ping_status":"closed","template":"","meta":{"footnotes":""},"class_list":["post-2525","page","type-page","status-publish","has-post-thumbnail","hentry"],"_links":{"self":[{"href":"https:\/\/pimapentr.com\/index.php\/wp-json\/wp\/v2\/pages\/2525","targetHints":{"allow":["GET"]}}],"collection":[{"href":"https:\/\/pimapentr.com\/index.php\/wp-json\/wp\/v2\/pages"}],"about":[{"href":"https:\/\/pimapentr.com\/index.php\/wp-json\/wp\/v2\/types\/page"}],"author":[{"embeddable":true,"href":"https:\/\/pimapentr.com\/index.php\/wp-json\/wp\/v2\/users\/2"}],"replies":[{"embeddable":true,"href":"https:\/\/pimapentr.com\/index.php\/wp-json\/wp\/v2\/comments?post=2525"}],"version-history":[{"count":1,"href":"https:\/\/pimapentr.com\/index.php\/wp-json\/wp\/v2\/pages\/2525\/revisions"}],"predecessor-version":[{"id":2526,"href":"https:\/\/pimapentr.com\/index.php\/wp-json\/wp\/v2\/pages\/2525\/revisions\/2526"}],"wp:featuredmedia":[{"embeddable":true,"href":"https:\/\/pimapentr.com\/index.php\/wp-json\/wp\/v2\/media\/2071"}],"wp:attachment":[{"href":"https:\/\/pimapentr.com\/index.php\/wp-json\/wp\/v2\/media?parent=2525"}],"curies":[{"name":"wp","href":"https:\/\/api.w.org\/{rel}","templated":true}]}}