{"id":230,"date":"2022-08-02T13:38:17","date_gmt":"2022-08-02T10:38:17","guid":{"rendered":"https:\/\/pimapentr.com\/?page_id=230"},"modified":"2022-08-03T13:42:24","modified_gmt":"2022-08-03T10:42:24","slug":"guzelyali-pimapen","status":"publish","type":"page","link":"https:\/\/pimapentr.com\/index.php\/guzelyali-pimapen\/","title":{"rendered":"G\u00fczelyal\u0131 Pimapen"},"content":{"rendered":"<h1>G\u00fczelyal\u0131 Pimapen<\/h1>\n<p>G\u00fczelyal\u0131 ve \u00e7evresinde Pimapen Servisi arayanlara en iyi ustalarla \u00e7al\u0131\u015fma \u015fans\u0131 sunuyoruz.1994&#8217;ten bu yana Anadolu Yakas\u0131n\u0131n \u00e7o\u011fu semtinde G\u00fczelyal\u0131 Pimapen olarak hizmet vermekteyiz. Pimapen pencere veya Pimapen kap\u0131 ve\u00a0 ihtiya\u00e7lar\u0131n\u0131zda, G\u00fczelyal\u0131&#8217;da \u00e7e\u015fitli noktalardaki Pimapen pencere ustalar\u0131m\u0131z size PVC ile alakal\u0131 tamir \u00e7\u00f6z\u00fcmleri sunabilir. G\u00fczelyal\u0131 Pimapen olarak sizlere her konuda hizmet vermekteyiz.<\/p>\n<p>G\u00fczelyal\u0131 Pimapen i\u00e7in ileti\u015fim: 0532 540 55 58<\/p>\n","protected":false},"excerpt":{"rendered":"<p>G\u00fczelyal\u0131 Pimapen G\u00fczelyal\u0131 ve \u00e7evresinde Pimapen Servisi arayanlara en iyi ustalarla \u00e7al\u0131\u015fma \u015fans\u0131 sunuyoruz.1994&#8217;ten bu yana Anadolu Yakas\u0131n\u0131n \u00e7o\u011fu semtinde G\u00fczelyal\u0131 Pimapen olarak hizmet vermekteyiz. Pimapen pencere veya Pimapen kap\u0131 ve\u00a0 ihtiya\u00e7lar\u0131n\u0131zda, G\u00fczelyal\u0131&#8217;da \u00e7e\u015fitli noktalardaki Pimapen pencere ustalar\u0131m\u0131z size PVC ile alakal\u0131 tamir \u00e7\u00f6z\u00fcmleri sunabilir. G\u00fczelyal\u0131 Pimapen olarak sizlere her konuda hizmet vermekteyiz. G\u00fczelyal\u0131 Pimapen &#8230;<\/p>\n","protected":false},"author":2,"featured_media":0,"parent":0,"menu_order":0,"comment_status":"closed","ping_status":"closed","template":"","meta":{"footnotes":""},"class_list":["post-230","page","type-page","status-publish","hentry"],"_links":{"self":[{"href":"https:\/\/pimapentr.com\/index.php\/wp-json\/wp\/v2\/pages\/230","targetHints":{"allow":["GET"]}}],"collection":[{"href":"https:\/\/pimapentr.com\/index.php\/wp-json\/wp\/v2\/pages"}],"about":[{"href":"https:\/\/pimapentr.com\/index.php\/wp-json\/wp\/v2\/types\/page"}],"author":[{"embeddable":true,"href":"https:\/\/pimapentr.com\/index.php\/wp-json\/wp\/v2\/users\/2"}],"replies":[{"embeddable":true,"href":"https:\/\/pimapentr.com\/index.php\/wp-json\/wp\/v2\/comments?post=230"}],"version-history":[{"count":2,"href":"https:\/\/pimapentr.com\/index.php\/wp-json\/wp\/v2\/pages\/230\/revisions"}],"predecessor-version":[{"id":259,"href":"https:\/\/pimapentr.com\/index.php\/wp-json\/wp\/v2\/pages\/230\/revisions\/259"}],"wp:attachment":[{"href":"https:\/\/pimapentr.com\/index.php\/wp-json\/wp\/v2\/media?parent=230"}],"curies":[{"name":"wp","href":"https:\/\/api.w.org\/{rel}","templated":true}]}}