{"id":1939,"date":"2025-01-11T01:24:57","date_gmt":"2025-01-10T22:24:57","guid":{"rendered":"https:\/\/pimapentr.com\/?page_id=1939"},"modified":"2025-01-11T01:24:57","modified_gmt":"2025-01-10T22:24:57","slug":"idealtepe-pimapen-0532-540-5558-6","status":"publish","type":"page","link":"https:\/\/pimapentr.com\/index.php\/idealtepe-pimapen-0532-540-5558-6\/","title":{"rendered":"\u0130dealtepe Pimapen &#038; 0532 540 5558"},"content":{"rendered":"<h1>\u0130dealtepe Pimapen<\/h1>\n<p>Pimapen, geli\u015fen teknolojiyle birlikte evlerimiz i\u00e7in bir ihtiya\u00e7 haline gelmi\u015ftir. So\u011fu\u011fu, nemi, ve sesi yal\u0131tan \u00e7ift cam teknolojisini evlerinize getirmeye haz\u0131r olun. Di\u011fer materyallerin aksine Pimapen, hafif, kolay temizlenebilir ve \u00f6m\u00fcrl\u00fck bir malzemedir. <strong>\u0130dealtepe Pimapen<\/strong> olarak Kap\u0131 ve pencerelerinize takt\u0131raca\u011f\u0131n\u0131z kaliteli Pimapen sayesinde \u0131s\u0131 yal\u0131t\u0131m\u0131 ihtiyac\u0131n\u0131z\u0131 gidermi\u015f olacaks\u0131n\u0131z.<\/p>\n<div class=\"flex-shrink-0 flex flex-col relative items-end\">\n<div class=\"pt-0\">\n<div class=\"gizmo-bot-avatar flex h-8 w-8 items-center justify-center overflow-hidden rounded-full\">\n<h2>\u0130dealtepe Denge M\u00fchendislik<\/h2>\n<div class=\"relative p-1 rounded-sm flex items-center justify-center bg-token-main-surface-primary text-token-text-primary h-8 w-8\"><em>\u0130stanbul&#8217;un Maltepe il\u00e7esinde \u0130dealtepe Denge M\u00fchendislik<\/em> olarak, sineklik, pergole, cam balkon, teras kaplama, panjur ve pimapen pencere montaj\u0131nda tecr\u00fcbeli bir firmay\u0131z.<\/div>\n<div><\/div>\n<div class=\"relative p-1 rounded-sm flex items-center justify-center bg-token-main-surface-primary text-token-text-primary h-8 w-8\">2024 itibar\u0131yla 29 y\u0131ll\u0131k deneyimimizle <strong>\u0130dealtepe Pimapen<\/strong> olarak, bilgi birikimimizi ve tecr\u00fcbemizi m\u00fc\u015fterilerimiz ve i\u015f ortaklar\u0131m\u0131zla payla\u015farak g\u00fcvenli bir \u00e7al\u0131\u015fma ortam\u0131 olu\u015fturuyoruz. Uzun soluklu i\u015f birlikleri ve s\u00fcre\u011fen \u00e7\u00f6z\u00fcmler sunarak, m\u00fc\u015fteri memnuniyetini her zaman \u00f6n planda tutmak i\u00e7in elimizden geleni yap\u0131yoruz. 1. s\u0131n\u0131f hizmet anlay\u0131\u015f\u0131m\u0131zla sizlere en iyisini sunmaya durmadan devam ediyoruz.<\/div>\n<\/div>\n<\/div>\n<div><\/div>\n<div><\/div>\n<div><em>\u0130dealtepe Denge M\u00fchendislik, ekibimizle \u00fccretsiz \u00f6l\u00e7\u00fc hizmeti sunuyoruz. <\/em><\/div>\n<div><em>Bize ula\u015fmak i\u00e7in 532 540 5558 numaras\u0131n\u0131 arayabilir veya WhatsApp \u00fczerinden mesaj atabilirsiniz.<\/em><\/div>\n<\/div>\n","protected":false},"excerpt":{"rendered":"<p>\u0130dealtepe Pimapen Pimapen, geli\u015fen teknolojiyle birlikte evlerimiz i\u00e7in bir ihtiya\u00e7 haline gelmi\u015ftir. So\u011fu\u011fu, nemi, ve sesi yal\u0131tan \u00e7ift cam teknolojisini evlerinize getirmeye haz\u0131r olun. Di\u011fer materyallerin aksine Pimapen, hafif, kolay temizlenebilir ve \u00f6m\u00fcrl\u00fck bir malzemedir. \u0130dealtepe Pimapen olarak Kap\u0131 ve pencerelerinize takt\u0131raca\u011f\u0131n\u0131z kaliteli Pimapen sayesinde \u0131s\u0131 yal\u0131t\u0131m\u0131 ihtiyac\u0131n\u0131z\u0131 gidermi\u015f olacaks\u0131n\u0131z. \u0130dealtepe Denge M\u00fchendislik \u0130stanbul&#8217;un Maltepe &#8230;<\/p>\n","protected":false},"author":2,"featured_media":1190,"parent":0,"menu_order":0,"comment_status":"closed","ping_status":"closed","template":"","meta":{"footnotes":""},"class_list":["post-1939","page","type-page","status-publish","has-post-thumbnail","hentry"],"_links":{"self":[{"href":"https:\/\/pimapentr.com\/index.php\/wp-json\/wp\/v2\/pages\/1939","targetHints":{"allow":["GET"]}}],"collection":[{"href":"https:\/\/pimapentr.com\/index.php\/wp-json\/wp\/v2\/pages"}],"about":[{"href":"https:\/\/pimapentr.com\/index.php\/wp-json\/wp\/v2\/types\/page"}],"author":[{"embeddable":true,"href":"https:\/\/pimapentr.com\/index.php\/wp-json\/wp\/v2\/users\/2"}],"replies":[{"embeddable":true,"href":"https:\/\/pimapentr.com\/index.php\/wp-json\/wp\/v2\/comments?post=1939"}],"version-history":[{"count":1,"href":"https:\/\/pimapentr.com\/index.php\/wp-json\/wp\/v2\/pages\/1939\/revisions"}],"predecessor-version":[{"id":1941,"href":"https:\/\/pimapentr.com\/index.php\/wp-json\/wp\/v2\/pages\/1939\/revisions\/1941"}],"wp:featuredmedia":[{"embeddable":true,"href":"https:\/\/pimapentr.com\/index.php\/wp-json\/wp\/v2\/media\/1190"}],"wp:attachment":[{"href":"https:\/\/pimapentr.com\/index.php\/wp-json\/wp\/v2\/media?parent=1939"}],"curies":[{"name":"wp","href":"https:\/\/api.w.org\/{rel}","templated":true}]}}