{"id":177,"date":"2022-04-06T14:11:45","date_gmt":"2022-04-06T11:11:45","guid":{"rendered":"https:\/\/pimapentr.com\/?page_id=177"},"modified":"2022-04-06T15:35:11","modified_gmt":"2022-04-06T12:35:11","slug":"pimapen-kalitesi","status":"publish","type":"page","link":"https:\/\/pimapentr.com\/index.php\/pimapen-kalitesi\/","title":{"rendered":"Pimapen Kalitesi"},"content":{"rendered":"<h1>Maltepe Pimapen Kalitesi<\/h1>\n<p style=\"background: white; margin: 0cm 0cm 12.0pt 0cm;\"><i><span style=\"font-family: 'Arial',sans-serif; color: #3d3d3d;\">Hem evlerde hem de apartmanlarda pencereler ya\u015fam kalitesinin ana itici g\u00fc\u00e7lerinden biridir.\u00a0S\u0131n\u0131f\u0131n\u0131n en iyisi bir pencere sistemi, oturma odalar\u0131nda hem harika bir \u0131\u015f\u0131k hem de h\u0131rs\u0131zlara kar\u015f\u0131 \u00fcst\u00fcn g\u00fcvenli\u011fi garanti eder Pimapen profilleri ile donat\u0131lm\u0131\u015f pencereleri se\u00e7mek, \u00e7evrenizdekiler i\u00e7in daha iyi bir ya\u015fam kalitesini garanti ederken \u00e7evreye sayg\u0131l\u0131 modern bir tasar\u0131m sa\u011flamak anlam\u0131na gelir.<\/span><\/i><\/p>\n<p style=\"text-align: center; background: white; margin: 0cm 0cm 12.0pt 0cm;\" align=\"center\"><strong><span style=\"font-family: 'Arial',sans-serif; color: #3d3d3d;\">Pencere yenilemeye uygun PVC profiller<\/span><\/strong><\/p>\n<p style=\"text-align: center; background: white; margin: 0cm 0cm 12.0pt 0cm;\" align=\"center\"><span style=\"font-family: 'Arial',sans-serif; color: #3d3d3d;\">Tadilat projenizde birinci s\u0131n\u0131f PVC Pimapen profillerimizle donat\u0131lm\u0131\u015f pencere se\u00e7iminiz maksimum \u0131s\u0131 ve ses yal\u0131t\u0131m\u0131 sa\u011flayacakt\u0131r.\u00a0Ayr\u0131ca sa\u011flam tasar\u0131mlar\u0131, y\u0131llar boyunca g\u00fcvenli\u011fi ve dayan\u0131kl\u0131l\u0131\u011f\u0131 garanti edebilir.<\/span><\/p>\n<p style=\"text-align: center; background: white; margin: 0cm 0cm 12.0pt 0cm;\" align=\"center\"><strong><span style=\"font-family: 'Arial',sans-serif; color: #3d3d3d;\">Yeni binalar \/ yeni yap\u0131lar i\u00e7in pencere sistemleri<\/span><\/strong><\/p>\n<p style=\"text-align: center; background: white; margin: 0cm 0cm 12.0pt 0cm;\" align=\"center\"><span style=\"font-family: 'Arial',sans-serif; color: #3d3d3d;\">PVC pencereler i\u00e7in profil yelpazemiz, yeni binalar\u0131n, \u00f6zellikle de pasif evlerin ve enerji tasarrufuna odaklanan konutlar\u0131n in\u015fas\u0131 i\u00e7in uygundur.\u00a0Profillerimizin geni\u015f renk se\u00e7enekleri ve \u00f6l\u00e7\u00fcye g\u00f6re yap\u0131lan biti\u015fleri, ger\u00e7ek mimari uyum i\u00e7in binan\u0131n tasar\u0131m\u0131na uyum sa\u011flamay\u0131 m\u00fcmk\u00fcn k\u0131lar.<\/span><\/p>\n<p align=\"center\"><img loading=\"lazy\" decoding=\"async\" class=\"alignnone size-medium wp-image-181\" src=\"https:\/\/pimapentr.com\/wp-content\/uploads\/2022\/04\/WhatsApp-Image-2022-04-01-at-15.53.31-1-300x225.jpeg\" alt=\"\" width=\"300\" height=\"225\" srcset=\"https:\/\/pimapentr.com\/wp-content\/uploads\/2022\/04\/WhatsApp-Image-2022-04-01-at-15.53.31-1-300x225.jpeg 300w, https:\/\/pimapentr.com\/wp-content\/uploads\/2022\/04\/WhatsApp-Image-2022-04-01-at-15.53.31-1-1024x768.jpeg 1024w, https:\/\/pimapentr.com\/wp-content\/uploads\/2022\/04\/WhatsApp-Image-2022-04-01-at-15.53.31-1-768x576.jpeg 768w, https:\/\/pimapentr.com\/wp-content\/uploads\/2022\/04\/WhatsApp-Image-2022-04-01-at-15.53.31-1-1536x1152.jpeg 1536w, https:\/\/pimapentr.com\/wp-content\/uploads\/2022\/04\/WhatsApp-Image-2022-04-01-at-15.53.31-1.jpeg 1600w\" sizes=\"auto, (max-width: 300px) 100vw, 300px\" \/><\/p>\n","protected":false},"excerpt":{"rendered":"<p>Maltepe Pimapen Kalitesi Hem evlerde hem de apartmanlarda pencereler ya\u015fam kalitesinin ana itici g\u00fc\u00e7lerinden biridir.\u00a0S\u0131n\u0131f\u0131n\u0131n en iyisi bir pencere sistemi, oturma odalar\u0131nda hem harika bir \u0131\u015f\u0131k hem de h\u0131rs\u0131zlara kar\u015f\u0131 \u00fcst\u00fcn g\u00fcvenli\u011fi garanti eder Pimapen profilleri ile donat\u0131lm\u0131\u015f pencereleri se\u00e7mek, \u00e7evrenizdekiler i\u00e7in daha iyi bir ya\u015fam kalitesini garanti ederken \u00e7evreye sayg\u0131l\u0131 modern bir tasar\u0131m sa\u011flamak &#8230;<\/p>\n","protected":false},"author":2,"featured_media":178,"parent":0,"menu_order":0,"comment_status":"closed","ping_status":"closed","template":"","meta":{"footnotes":""},"class_list":["post-177","page","type-page","status-publish","has-post-thumbnail","hentry"],"_links":{"self":[{"href":"https:\/\/pimapentr.com\/index.php\/wp-json\/wp\/v2\/pages\/177","targetHints":{"allow":["GET"]}}],"collection":[{"href":"https:\/\/pimapentr.com\/index.php\/wp-json\/wp\/v2\/pages"}],"about":[{"href":"https:\/\/pimapentr.com\/index.php\/wp-json\/wp\/v2\/types\/page"}],"author":[{"embeddable":true,"href":"https:\/\/pimapentr.com\/index.php\/wp-json\/wp\/v2\/users\/2"}],"replies":[{"embeddable":true,"href":"https:\/\/pimapentr.com\/index.php\/wp-json\/wp\/v2\/comments?post=177"}],"version-history":[{"count":4,"href":"https:\/\/pimapentr.com\/index.php\/wp-json\/wp\/v2\/pages\/177\/revisions"}],"predecessor-version":[{"id":184,"href":"https:\/\/pimapentr.com\/index.php\/wp-json\/wp\/v2\/pages\/177\/revisions\/184"}],"wp:featuredmedia":[{"embeddable":true,"href":"https:\/\/pimapentr.com\/index.php\/wp-json\/wp\/v2\/media\/178"}],"wp:attachment":[{"href":"https:\/\/pimapentr.com\/index.php\/wp-json\/wp\/v2\/media?parent=177"}],"curies":[{"name":"wp","href":"https:\/\/api.w.org\/{rel}","templated":true}]}}