{"id":1629,"date":"2024-08-13T00:51:12","date_gmt":"2024-08-12T21:51:12","guid":{"rendered":"https:\/\/pimapentr.com\/?page_id=1629"},"modified":"2024-08-13T00:51:12","modified_gmt":"2024-08-12T21:51:12","slug":"kartal-pimapen-0532-540-5558-6","status":"publish","type":"page","link":"https:\/\/pimapentr.com\/index.php\/kartal-pimapen-0532-540-5558-6\/","title":{"rendered":"Kartal Pimapen &#038; 0532 540 5558"},"content":{"rendered":"<h2><em>Pimapen mi, Ah\u015fap Pencere mi?<\/em><\/h2>\n<p>Pimapen ve ah\u015fap pencere aras\u0131nda se\u00e7im yapmak, kullan\u0131c\u0131lar\u0131n ihtiya\u00e7lar\u0131na ve estetik tercihlerine ba\u011fl\u0131d\u0131r. Pimapen pencereler, PVC malzemeden yap\u0131ld\u0131\u011f\u0131 i\u00e7in dayan\u0131kl\u0131d\u0131r, uzun \u00f6m\u00fcrl\u00fcd\u00fcr ve bak\u0131m gerektirmez. Pimapen, ayn\u0131 zamanda y\u00fcksek \u0131s\u0131 ve ses yal\u0131t\u0131m\u0131 sa\u011flar, bu da enerji tasarrufu a\u00e7\u0131s\u0131ndan b\u00fcy\u00fck bir avantajd\u0131r. Ayr\u0131ca, \u00e7e\u015fitli renk ve desen se\u00e7enekleri sunarak farkl\u0131 dekorasyon stillerine uyum sa\u011flar. Ah\u015fap pencereler ise do\u011fal bir malzeme oldu\u011fu i\u00e7in estetik a\u00e7\u0131dan tercih edilebilir. Ah\u015fap, do\u011fal bir g\u00f6r\u00fcn\u00fcm sunar ve belirli bir s\u0131cakl\u0131k hissi verir. Ancak, ah\u015fap pencereler d\u00fczenli bak\u0131m gerektirir; boyama, vernikleme ve nemden koruma i\u015flemleri ihmal edilmemelidir. Ayr\u0131ca, ah\u015fap pencereler, pimapen pencerelere g\u00f6re daha pahal\u0131 olabilir. Yal\u0131t\u0131m a\u00e7\u0131s\u0131ndan da pimapen genellikle daha \u00fcst\u00fcn kabul edilir. \u0130klim \u015fartlar\u0131, bina t\u00fcr\u00fc ve b\u00fct\u00e7e gibi fakt\u00f6rler, bu iki pencere t\u00fcr\u00fc aras\u0131nda se\u00e7im yaparken g\u00f6z \u00f6n\u00fcnde bulundurulmal\u0131d\u0131r.<\/p>\n<p>\u0130stanbul\u2019un Kartal il\u00e7esinde hizmet veren sineklik, pencere, cam balkon, pergole, teras kaplama, panjur ve pimapen montaj firmas\u0131 olan Denge M\u00fchendislik olarak bizler tecr\u00fcbe, bilgi ve birikimimizi t\u00fcm \u00e7al\u0131\u015fma ortaklar\u0131m\u0131z ve m\u00fc\u015fterilerimizin kat\u0131l\u0131mlar\u0131yla g\u00fcvenilir \u00e7al\u0131\u015fma ortam\u0131 yaratarak nice y\u0131llar devam ettirip 2024 y\u0131l\u0131 itibari ile 29. y\u0131l\u0131m\u0131z\u0131 kutlaman\u0131n sevinci i\u00e7erisindeyiz. Bu minvalde uzun soluklu i\u015f ortakl\u0131klar\u0131 ve birliktelikler yaratt\u0131k. Di\u011fer t\u00fcm Kartal Pimapen firmalar\u0131n\u0131n aksine sizlere sundu\u011fumuz hizmetin sizler i\u00e7in tam memnuniyet olmas\u0131n\u0131 hedefliyoruz. Bu nedenle getirdi\u011fimiz hizmeti sizlere sunarken evinize zarar vermeden, arkam\u0131zda moloz y\u0131\u011f\u0131n\u0131 b\u0131rakmadan tamaml\u0131yoruz. 1994\u2019ten bu yana \u0130stanbul\u2019un \u00e7o\u011fu semtinde oldu\u011fu gibi Kartal&#8217;da da hizmet vermekteyiz.<\/p>\n","protected":false},"excerpt":{"rendered":"<p>Pimapen mi, Ah\u015fap Pencere mi? Pimapen ve ah\u015fap pencere aras\u0131nda se\u00e7im yapmak, kullan\u0131c\u0131lar\u0131n ihtiya\u00e7lar\u0131na ve estetik tercihlerine ba\u011fl\u0131d\u0131r. Pimapen pencereler, PVC malzemeden yap\u0131ld\u0131\u011f\u0131 i\u00e7in dayan\u0131kl\u0131d\u0131r, uzun \u00f6m\u00fcrl\u00fcd\u00fcr ve bak\u0131m gerektirmez. Pimapen, ayn\u0131 zamanda y\u00fcksek \u0131s\u0131 ve ses yal\u0131t\u0131m\u0131 sa\u011flar, bu da enerji tasarrufu a\u00e7\u0131s\u0131ndan b\u00fcy\u00fck bir avantajd\u0131r. Ayr\u0131ca, \u00e7e\u015fitli renk ve desen se\u00e7enekleri sunarak farkl\u0131 &#8230;<\/p>\n","protected":false},"author":2,"featured_media":0,"parent":0,"menu_order":0,"comment_status":"closed","ping_status":"closed","template":"","meta":{"footnotes":""},"class_list":["post-1629","page","type-page","status-publish","hentry"],"_links":{"self":[{"href":"https:\/\/pimapentr.com\/index.php\/wp-json\/wp\/v2\/pages\/1629","targetHints":{"allow":["GET"]}}],"collection":[{"href":"https:\/\/pimapentr.com\/index.php\/wp-json\/wp\/v2\/pages"}],"about":[{"href":"https:\/\/pimapentr.com\/index.php\/wp-json\/wp\/v2\/types\/page"}],"author":[{"embeddable":true,"href":"https:\/\/pimapentr.com\/index.php\/wp-json\/wp\/v2\/users\/2"}],"replies":[{"embeddable":true,"href":"https:\/\/pimapentr.com\/index.php\/wp-json\/wp\/v2\/comments?post=1629"}],"version-history":[{"count":1,"href":"https:\/\/pimapentr.com\/index.php\/wp-json\/wp\/v2\/pages\/1629\/revisions"}],"predecessor-version":[{"id":1630,"href":"https:\/\/pimapentr.com\/index.php\/wp-json\/wp\/v2\/pages\/1629\/revisions\/1630"}],"wp:attachment":[{"href":"https:\/\/pimapentr.com\/index.php\/wp-json\/wp\/v2\/media?parent=1629"}],"curies":[{"name":"wp","href":"https:\/\/api.w.org\/{rel}","templated":true}]}}