{"id":142,"date":"2022-04-04T15:39:07","date_gmt":"2022-04-04T12:39:07","guid":{"rendered":"https:\/\/pimapentr.com\/?page_id=142"},"modified":"2022-04-04T15:39:07","modified_gmt":"2022-04-04T12:39:07","slug":"pimapen-kapi","status":"publish","type":"page","link":"https:\/\/pimapentr.com\/index.php\/pimapen-kapi\/","title":{"rendered":"Pimapen Kap\u0131"},"content":{"rendered":"<h1>Ni\u00e7in Pimapen Kalitesi, Birinci S\u0131n\u0131f Kalite Demektir?<\/h1>\n<p>Kapsaml\u0131 Kalite vaadimiz Pimapen Kap\u0131 Sistemleri ile ba\u015flar ve ayn\u0131 zamanda Pimapen Cam ve PVC Do\u011frama kalitesinde \u00f6ne ge\u00e7er.\u00a0Bu nedenle do\u011fal olarak \u0130stanbul Pimapen Anadolu Yakas\u0131 \u00dcretici ve Pimapen Fabrika bayilerinde ge\u00e7erli olan Pimapen \u00dcretici Bayilerinde\u00a0 Pencere Profilleri i\u00e7in en y\u00fcksek kalite standartlar\u0131n\u0131 uyguluyoruz.\u00a0T\u00fcm Pencere ve Kap\u0131 profillerimiz di\u011fer Pimapen Firmalar\u0131na g\u00f6re A S\u0131n\u0131f\u0131 ISO 9001 kalitede \u00fcretilmektedir. \u00c7\u00fcnk\u00fc Pimapen Pencere ve Pimapen Kap\u0131 , Pimapen Panjur profil teknolojisinin daha da geli\u015ftirilmesinde tek bir amac\u0131m\u0131z var: Pimapen Performans\u0131 art\u0131rmak.\u00a0Sonu\u00e7ta, pencere profillerine her zamankinden daha y\u00fcksek Pimapen Montaj talebi ve Pimapen Montaj \u0130\u015f\u00e7ili\u011fi Kalitesi gerektiriyor.<\/p>\n<p>Denge M\u00fchendislik Kaliteli Pimapen Montaj uygulamalar\u0131nda ve geli\u015ftirmesinde Pimapen \u00f6nc\u00fc \u00e7al\u0131\u015fmalar yapmakta ve Uygun Pimapen Fiyatlar\u0131 , Ucuz Pimapen Fiyatlar\u0131 bug\u00fcn i\u00e7in daire sahipleri,\u0130n\u015faat Pimapen ve Proje Pimapen \u00a0planc\u0131lar\u0131 ve mimarlar aras\u0131nda Sineklikli Pencere ve Panjurlu Pimapen Pencere sahip oldu\u011fu iyi itibara \u00f6nemli \u00f6l\u00e7\u00fcde katk\u0131da bulundu.\u00a0Ata\u015fehir Pimapen Grubu olarak gelecekte de bu yolu istikrarl\u0131 bir \u015fekilde takip etmeye devam edece\u011fiz.<\/p>\n<h1><img loading=\"lazy\" decoding=\"async\" class=\"alignnone  wp-image-143\" src=\"https:\/\/pimapentr.com\/wp-content\/uploads\/2022\/04\/WhatsApp-Image-2022-03-29-at-12.14.53-300x225.jpeg\" alt=\"\" width=\"314\" height=\"235\" srcset=\"https:\/\/pimapentr.com\/wp-content\/uploads\/2022\/04\/WhatsApp-Image-2022-03-29-at-12.14.53-300x225.jpeg 300w, https:\/\/pimapentr.com\/wp-content\/uploads\/2022\/04\/WhatsApp-Image-2022-03-29-at-12.14.53-1024x768.jpeg 1024w, https:\/\/pimapentr.com\/wp-content\/uploads\/2022\/04\/WhatsApp-Image-2022-03-29-at-12.14.53-768x576.jpeg 768w, https:\/\/pimapentr.com\/wp-content\/uploads\/2022\/04\/WhatsApp-Image-2022-03-29-at-12.14.53-1536x1152.jpeg 1536w, https:\/\/pimapentr.com\/wp-content\/uploads\/2022\/04\/WhatsApp-Image-2022-03-29-at-12.14.53.jpeg 2048w\" sizes=\"auto, (max-width: 314px) 100vw, 314px\" \/><\/h1>\n","protected":false},"excerpt":{"rendered":"<p>Ni\u00e7in Pimapen Kalitesi, Birinci S\u0131n\u0131f Kalite Demektir? Kapsaml\u0131 Kalite vaadimiz Pimapen Kap\u0131 Sistemleri ile ba\u015flar ve ayn\u0131 zamanda Pimapen Cam ve PVC Do\u011frama kalitesinde \u00f6ne ge\u00e7er.\u00a0Bu nedenle do\u011fal olarak \u0130stanbul Pimapen Anadolu Yakas\u0131 \u00dcretici ve Pimapen Fabrika bayilerinde ge\u00e7erli olan Pimapen \u00dcretici Bayilerinde\u00a0 Pencere Profilleri i\u00e7in en y\u00fcksek kalite standartlar\u0131n\u0131 uyguluyoruz.\u00a0T\u00fcm Pencere ve Kap\u0131 profillerimiz &#8230;<\/p>\n","protected":false},"author":2,"featured_media":68,"parent":0,"menu_order":0,"comment_status":"closed","ping_status":"closed","template":"","meta":{"footnotes":""},"class_list":["post-142","page","type-page","status-publish","has-post-thumbnail","hentry"],"_links":{"self":[{"href":"https:\/\/pimapentr.com\/index.php\/wp-json\/wp\/v2\/pages\/142","targetHints":{"allow":["GET"]}}],"collection":[{"href":"https:\/\/pimapentr.com\/index.php\/wp-json\/wp\/v2\/pages"}],"about":[{"href":"https:\/\/pimapentr.com\/index.php\/wp-json\/wp\/v2\/types\/page"}],"author":[{"embeddable":true,"href":"https:\/\/pimapentr.com\/index.php\/wp-json\/wp\/v2\/users\/2"}],"replies":[{"embeddable":true,"href":"https:\/\/pimapentr.com\/index.php\/wp-json\/wp\/v2\/comments?post=142"}],"version-history":[{"count":1,"href":"https:\/\/pimapentr.com\/index.php\/wp-json\/wp\/v2\/pages\/142\/revisions"}],"predecessor-version":[{"id":145,"href":"https:\/\/pimapentr.com\/index.php\/wp-json\/wp\/v2\/pages\/142\/revisions\/145"}],"wp:featuredmedia":[{"embeddable":true,"href":"https:\/\/pimapentr.com\/index.php\/wp-json\/wp\/v2\/media\/68"}],"wp:attachment":[{"href":"https:\/\/pimapentr.com\/index.php\/wp-json\/wp\/v2\/media?parent=142"}],"curies":[{"name":"wp","href":"https:\/\/api.w.org\/{rel}","templated":true}]}}